{"id":97,"date":"2017-08-09T10:09:38","date_gmt":"2017-08-09T10:09:38","guid":{"rendered":"https:\/\/buchli.com.br\/?page_id=97"},"modified":"2021-09-03T09:38:34","modified_gmt":"2021-09-03T12:38:34","slug":"home","status":"publish","type":"page","link":"https:\/\/buchli.com.br\/","title":{"rendered":"Home"},"content":{"rendered":"\n\n\t\t\t\t<a href=\"https:\/\/buchli.com.br\/?page_id=1870\" target=\"_self\" itemprop=\"url\" rel=\"noopener\">\n\t\t\t\t<img loading=\"lazy\" decoding=\"async\" src=\"https:\/\/buchli.com.br\/wp-content\/uploads\/2021\/08\/banner_topo.jpg\" alt=\"banner_topo\" itemprop=\"image\" height=\"1077\" width=\"2500\" title=\"banner_topo\" onerror=\"this.style.display='none'\"  \/>\n\t\t\t\t<\/a>\n\t<p><strong>A Buchli Corretora<\/strong> foi fundada em setembro de 1986 e desde ent\u00e3o vem trabalhando com as mais conceituadas seguradoras, visando o melhor atendimento aos nossos clientes. <\/p>\n\n\t\n\t<p>Levamos a s\u00e9rio a palavra Corretor, n\u00e3o somos somente vendedores de seguros, a partir do momento que o cliente contrata um seguro, tudo que acontece \u00e9 problema nosso. Um quadro de funcion\u00e1rios treinados \u00e9 quem cuidar\u00e1 de tudo visando darmos o melhor atendimento e a satisfa\u00e7\u00e3o do cliente.<\/p>\n\t\t\t\t<img loading=\"lazy\" decoding=\"async\" src=\"https:\/\/buchli.com.br\/wp-content\/uploads\/2021\/09\/WhatsApp-Image-2021-09-01-at-11.32.39.jpeg\" alt=\"WhatsApp Image 2021-09-01 at 11.32.39\" itemprop=\"image\" height=\"853\" width=\"1280\" title=\"WhatsApp Image 2021-09-01 at 11.32.39\" onerror=\"this.style.display='none'\"  \/>\n\t\t\t\t<img loading=\"lazy\" decoding=\"async\" src=\"https:\/\/buchli.com.br\/wp-content\/uploads\/2021\/09\/MISSAO_VISAO_VALOR-1.jpg\" alt=\"MISSAO_VISAO_VALOR (1)\" itemprop=\"image\" height=\"500\" width=\"1920\" title=\"MISSAO_VISAO_VALOR (1)\" onerror=\"this.style.display='none'\"  \/>\n\t\t\t\t<img loading=\"lazy\" decoding=\"async\" src=\"https:\/\/buchli.com.br\/wp-content\/uploads\/2021\/08\/Assistencias-das-Seguradoras.png\" alt=\"Assist\u00eancias das Seguradoras\" itemprop=\"image\" height=\"42\" width=\"562\" title=\"Assist\u00eancias das Seguradoras\" onerror=\"this.style.display='none'\"  \/>\n\t\t\t\t<img loading=\"lazy\" decoding=\"async\" src=\"https:\/\/buchli.com.br\/wp-content\/uploads\/2021\/08\/allianz-logo.png\" alt=\"allianz-logo\" itemprop=\"image\" height=\"517\" width=\"2000\" title=\"allianz-logo\" onerror=\"this.style.display='none'\"  \/>\n\t\n\t\t\t\t<img loading=\"lazy\" decoding=\"async\" src=\"https:\/\/buchli.com.br\/wp-content\/uploads\/2021\/08\/unnamed.png\" alt=\"unnamed\" itemprop=\"image\" height=\"166\" width=\"400\" title=\"unnamed\" onerror=\"this.style.display='none'\"  \/>\n\t\n\t\t\t\t<img loading=\"lazy\" decoding=\"async\" src=\"https:\/\/buchli.com.br\/wp-content\/uploads\/2021\/08\/bradesco-seguros-logo-1-1.png\" alt=\"bradesco-seguros-logo-1-1\" itemprop=\"image\" height=\"1573\" width=\"4096\" title=\"bradesco-seguros-logo-1-1\" onerror=\"this.style.display='none'\"  \/>\n\t\n\t\t\t\t<img loading=\"lazy\" decoding=\"async\" src=\"https:\/\/buchli.com.br\/wp-content\/uploads\/2021\/08\/hdi-seguros-logo.png\" alt=\"hdi-seguros-logo\" itemprop=\"image\" height=\"2525\" width=\"4096\" title=\"hdi-seguros-logo\" onerror=\"this.style.display='none'\"  \/>\n\t\n\t\t\t\t<img loading=\"lazy\" decoding=\"async\" src=\"https:\/\/buchli.com.br\/wp-content\/uploads\/2021\/08\/liberty-seguros-logo.png\" alt=\"liberty-seguros-logo\" itemprop=\"image\" height=\"264\" width=\"520\" title=\"liberty-seguros-logo\" onerror=\"this.style.display='none'\"  \/>\n\t\n\t\t\t\t<img loading=\"lazy\" decoding=\"async\" src=\"https:\/\/buchli.com.br\/wp-content\/uploads\/2021\/08\/1200px-Mapfre_logo.svg.png\" alt=\"1200px-Mapfre_logo.svg\" itemprop=\"image\" height=\"582\" width=\"1200\" title=\"1200px-Mapfre_logo.svg\" onerror=\"this.style.display='none'\"  \/>\n\t\n\t\t\t\t<img loading=\"lazy\" decoding=\"async\" src=\"https:\/\/buchli.com.br\/wp-content\/uploads\/2021\/08\/porto-seguro-logo-1-3.png\" alt=\"porto-seguro-logo-1-3\" itemprop=\"image\" height=\"1305\" width=\"4096\" title=\"porto-seguro-logo-1-3\" onerror=\"this.style.display='none'\"  \/>\n\t\n\t\t\t\t<img loading=\"lazy\" decoding=\"async\" src=\"https:\/\/buchli.com.br\/wp-content\/uploads\/2021\/08\/logo-mapfre1_1_1.png\" alt=\"logo-mapfre1_1_1\" itemprop=\"image\" height=\"293\" width=\"825\" title=\"logo-mapfre1_1_1\" onerror=\"this.style.display='none'\"  \/>\n\t\n\t\t\t\t<img loading=\"lazy\" decoding=\"async\" src=\"https:\/\/buchli.com.br\/wp-content\/uploads\/2021\/08\/suhai-seguradora.png\" alt=\"suhai-seguradora\" itemprop=\"image\" height=\"183\" width=\"561\" title=\"suhai-seguradora\" onerror=\"this.style.display='none'\"  \/>\n\t\n\t\t\t\t<img loading=\"lazy\" decoding=\"async\" src=\"https:\/\/buchli.com.br\/wp-content\/uploads\/2021\/08\/tokio-marine-seguradora-logo-414D189644-seeklogo.com_.png\" alt=\"tokio-marine-seguradora-logo-414D189644-seeklogo.com\" itemprop=\"image\" height=\"271\" width=\"300\" title=\"tokio-marine-seguradora-logo-414D189644-seeklogo.com\" onerror=\"this.style.display='none'\"  \/>\n\t\n\t\t\t\t<img loading=\"lazy\" decoding=\"async\" src=\"https:\/\/buchli.com.br\/wp-content\/uploads\/2021\/09\/xxx01.jpg\" alt=\"xxx01\" itemprop=\"image\" height=\"500\" width=\"633\" title=\"xxx01\" onerror=\"this.style.display='none'\"  \/>\n\t\t\t\t<img loading=\"lazy\" decoding=\"async\" src=\"https:\/\/buchli.com.br\/wp-content\/uploads\/2021\/09\/02xxalt.jpg\" alt=\"02xxalt\" itemprop=\"image\" height=\"500\" width=\"633\" title=\"02xxalt\" onerror=\"this.style.display='none'\"  \/>\n\t\t\t\t<img loading=\"lazy\" decoding=\"async\" src=\"https:\/\/buchli.com.br\/wp-content\/uploads\/2021\/09\/xxx03.jpg\" alt=\"xxx03\" itemprop=\"image\" height=\"500\" width=\"633\" title=\"xxx03\" onerror=\"this.style.display='none'\"  \/>\n\t<h2>\n\t\t\t\t\tFale Conosco\n\t\t\t\t<\/h2>\n\t<p>Em cumprimento a Legisla\u00e7\u00e3o vigente, especialmente Lei 8078\/90- C\u00f3digo de Defesa do Consumidor- CDC e Resolu\u00e7\u00e3o CNSP 382\/2020, artigo 4\u00ba, Par\u00e1grafo 1\u00ba, IV, DECLARAMOS que todas as informa\u00e7\u00f5es relativas as propostas e contratos de seguros intermediados por nossa corretora estar\u00e3o \u00e0 disposi\u00e7\u00e3o dos Clientes podendo ser solicitadas a qualquer tempo por qualquer um de nossos canais de contato.<\/p>\n\t\t\t\t<img loading=\"lazy\" decoding=\"async\" src=\"https:\/\/buchli.com.br\/wp-content\/uploads\/2021\/09\/botao2.png\" alt=\"botao2\" itemprop=\"image\" height=\"117\" width=\"288\" title=\"botao2\" onerror=\"this.style.display='none'\"  \/>\n\n","protected":false},"excerpt":{"rendered":"<p>A Buchli Corretora foi fundada em setembro de 1986 e desde ent\u00e3o vem trabalhando com as mais conceituadas seguradoras, visando o melhor atendimento aos nossos clientes. Levamos a s\u00e9rio a palavra Corretor, n\u00e3o somos somente vendedores de seguros, a partir do momento que o cliente contrata um seguro, tudo que acontece \u00e9 problema nosso. Um &hellip;<\/p>\n<p class=\"read-more\"> <a class=\"\" href=\"https:\/\/buchli.com.br\/\"> <span class=\"screen-reader-text\">Home<\/span> Leia mais &raquo;<\/a><\/p>\n","protected":false},"author":1,"featured_media":0,"parent":0,"menu_order":0,"comment_status":"closed","ping_status":"open","template":"","meta":{"site-sidebar-layout":"no-sidebar","site-content-layout":"page-builder","ast-global-header-display":"","ast-main-header-display":"","ast-hfb-above-header-display":"","ast-hfb-below-header-display":"","ast-hfb-mobile-header-display":"","site-post-title":"disabled","ast-breadcrumbs-content":"","ast-featured-img":"disabled","footer-sml-layout":"","theme-transparent-header-meta":"disabled","adv-header-id-meta":"","stick-header-meta":"","header-above-stick-meta":"","header-main-stick-meta":"","header-below-stick-meta":"","footnotes":""},"class_list":["post-97","page","type-page","status-publish","hentry"],"aioseo_notices":[],"_links":{"self":[{"href":"https:\/\/buchli.com.br\/index.php?rest_route=\/wp\/v2\/pages\/97","targetHints":{"allow":["GET"]}}],"collection":[{"href":"https:\/\/buchli.com.br\/index.php?rest_route=\/wp\/v2\/pages"}],"about":[{"href":"https:\/\/buchli.com.br\/index.php?rest_route=\/wp\/v2\/types\/page"}],"author":[{"embeddable":true,"href":"https:\/\/buchli.com.br\/index.php?rest_route=\/wp\/v2\/users\/1"}],"replies":[{"embeddable":true,"href":"https:\/\/buchli.com.br\/index.php?rest_route=%2Fwp%2Fv2%2Fcomments&post=97"}],"version-history":[{"count":55,"href":"https:\/\/buchli.com.br\/index.php?rest_route=\/wp\/v2\/pages\/97\/revisions"}],"predecessor-version":[{"id":1895,"href":"https:\/\/buchli.com.br\/index.php?rest_route=\/wp\/v2\/pages\/97\/revisions\/1895"}],"wp:attachment":[{"href":"https:\/\/buchli.com.br\/index.php?rest_route=%2Fwp%2Fv2%2Fmedia&parent=97"}],"curies":[{"name":"wp","href":"https:\/\/api.w.org\/{rel}","templated":true}]}}